{"id":4299,"date":"2017-06-15T16:47:04","date_gmt":"2017-06-15T14:47:04","guid":{"rendered":"https:\/\/www.insotreu.de\/impressum\/"},"modified":"2024-06-24T09:10:50","modified_gmt":"2024-06-24T07:10:50","slug":"terms-and-conditions","status":"publish","type":"page","link":"https:\/\/www.insotreu.de\/en\/terms-and-conditions\/","title":{"rendered":"Terms and conditions"},"content":{"rendered":"<p>[vc_row full_width=&#8221;stretch_row&#8221; css=&#8221;.vc_custom_1506065992904{padding-top: 50px !important;padding-bottom: 50px !important;}&#8221;][vc_column][vc_column_text]<\/p>\n<h2 style=\"text-align: center;\">Terms and conditions<\/h2>\n<p>[\/vc_column_text][\/vc_column][\/vc_row][vc_section el_class=&#8221;bg&#8211;secondary&#8221;][vc_row][vc_column][vc_column_text]<\/p>\n<p style=\"text-align: left;\">Information in accordance with Section 5 of the German Telemedia Act (TMG &#8211; Telemediengesetz):<br \/>\nInsoTreu<br \/>\nInsolvency Administration<br \/>\nHanover office<br \/>\nUhlemeyerstr. 9-11<br \/>\n30175 Hanover<br \/>\nPhone: +49 (0) 511 &#8211; 1231050<br \/>\nFax: +49 (0) 511 &#8211; 12310599<br \/>\nEmail: info@insotreu.de<\/p>\n<p>Responsible for content: Dr. Immo Hamer von Valtier<\/p>\n<p>Design, photography and production: Detering Media GmbH, Agentur f\u00fcr Werbung &amp; visuelle Medien \u00a0<a href=\"http:\/\/www.deteringmedia.de\" target=\"_blank\" rel=\"noopener\">www.deteringmedia.de<\/a><\/p>\n<p style=\"text-align: left;\">VAT ID no.: DE240119721<\/p>\n<p style=\"text-align: left;\">Responsible law society:<br \/>\nLaw Society Celle, Bahnhofstr. 5, 29221 Celle, Germany<\/p>\n<p style=\"text-align: left;\">All lawyers at InsoTreu are authorised to practice law in the Federal Republic of Germany. They are subject to the laws, regulations and professional standards as defined in the Federal Lawyer&#8217;s Act (Bundesrechtsanwaltsordnung), Professional Code (Berufsordnung), Specialized Lawyers\u2019 Code (Fachanwaltsordnung), Law on the Remuneration of Attorneys (Rechtsanwaltsverg\u00fctungsgesetz), Federal Schedule of Fees for Lawyers (Bundesgeb\u00fchrenordnung f\u00fcr Rechtsanw\u00e4lte) and the Professional Regulations for Lawyers in the European Union (Berufsregeln der Rechtsanw\u00e4lte der Europ\u00e4ischen Union). These texts can be found online at www.brak.de under \u201cBerufsrecht\u201d (German only).<\/p>\n<p style=\"text-align: left;\">Notice in accordance with Section 36 (1) of the Act on Alternative Dispute Resolution in Consumer Matters (VSBG &#8211; Verbraucherstreitbeilegungsgesetz): We are neither willing nor obligated to participate in dispute resolution proceedings before a consumer mediation body.<\/p>\n<p style=\"text-align: left;\">Disclaimer:<br \/>\nThe information on this website was put together with the greatest of care. It is provided solely as general information to the users of this site and in no way represents legal advice. InsoTreu assumes no guarantee or liability whatsoever for the correctness, completeness and up-to-dateness of the information provided on this website or for any consequences arising from its use. Nor is any liability assumed for the content of other websites linked to this site. InsoTreu bears no responsibility for the correctness, completeness and up-to-dateness of other websites.<\/p>\n<p style=\"text-align: left;\">Copyright:<br \/>\nThe copyright for this website or parts thereof rests with InsoTreu or those parties to whom InsoTreu has granted the applicable rights of use. Any reproduction, distribution or transmission of the content of this website, in whole or in part, is therefore strictly prohibited without the express permission of InsoTreu.<\/p>\n<p style=\"text-align: left;\">Data privacy notice \/ Piwik:<br \/>\nThis website uses Piwik, an open source software for the statistical analysis of visitor website usage. Piwik uses cookies, text files that are stored on your computer and make it possible to analyse your use of the website. The information generated by the cookie about your use of this internet service will be stored on the provider&#8217;s server in Germany. The IP address will be anonymized immediately after processing and before it is stored. You may refuse the use of cookies by selecting the appropriate settings on your browser; however, please note that by doing so, you may not be able to take full advantage of the functions of this website.<\/p>\n<p>[\/vc_column_text][\/vc_column][\/vc_row][\/vc_section][vc_row disable_element=&#8221;yes&#8221;][vc_column]<ul class=\"accordion accordion-2 \">\n\t\t<li class=\"\">\n\t\t\t<div class=\"accordion__title\" id=\"1-name-und-kontaktdaten-des-fur-die-verarbeitung-verantwortlichen-sowie-des-betrieblichen-datenschutzbeauftragten\">\n\t\t\t\t<span class=\"h5\">1. Name und Kontaktdaten des f\u00fcr die Verarbeitung Verantwortlichen sowie des betrieblichen Datenschutzbeauftragten<\/span>\n\t\t\t<\/div>\n\t\t\t<div class=\"accordion__content\">\n\t\t\t\t<p>Diese Datenschutz-Information gilt f\u00fcr die Datenverarbeitung durch: InsoTreu Insolvenzverwaltung<br \/>\nVerantwortlicher: Dr. Immo Hamer von Valtier<br \/>\nLuisenstra\u00dfe 9<br \/>\nD-30159 Hannover<br \/>\nBundesrepublik Deutschland<br \/>\nE-Mail: inso@insotreu.de<br \/>\nTelefon: +49 (0)511 \u2013 1231050<br \/>\nFax: +49 (0)511 \u2013 12310599<\/p>\n\n\t\t\t<\/div>\n\t\t<\/li>\n\t\n\t\t<li class=\"\">\n\t\t\t<div class=\"accordion__title\" id=\"2-erhebung-und-speicherung-personenbezogener-daten-sowie-art-und-zweck-von-deren-verwendung\">\n\t\t\t\t<span class=\"h5\">2. Erhebung und Speicherung personenbezogener Daten sowie Art und Zweck von deren Verwendung<\/span>\n\t\t\t<\/div>\n\t\t\t<div class=\"accordion__content\">\n\t\t\t\t<p>a) Beim Besuch der Website<br \/>\nBeim Aufrufen unserer Website www.hvv-recht.de werden durch den auf Ihrem Endger\u00e4t zum Einsatz kommenden Browser automatisch Informationen an den Server unserer Website gesendet. Diese Informationen werden tempor\u00e4r in einem sog. Logfile gespeichert. Folgende Informationen werden dabei ohne Ihr Zutun erfasst und bis zur automatisierten L\u00f6schung gespeichert:<\/p>\n<ul style=\"list-style-type: decimal; list-style-position: outside;\">\n<li>IP-Adresse des anfragenden Rechners,<\/li>\n<li>Datum und Uhrzeit des Zugriffs,<\/li>\n<li>Name und URL der abgerufenen Datei,<\/li>\n<li>Website, von der aus der Zugriff erfolgt (Referrer-URL),<\/li>\n<li>verwendeter Browser und ggf. das Betriebssystem Ihres Rechners sowie der Name Ihres Access-Providers.<\/li>\n<\/ul>\n<p>Die genannten Daten werden durch uns zu folgenden Zwecken verarbeitet:<\/p>\n<p>Gew\u00e4hrleistung eines reibungslosen Verbindungsaufbaus der Website,<br \/>\nGew\u00e4hrleistung einer komfortablen Nutzung unserer Website,<br \/>\nAuswertung der Systemsicherheit und -stabilit\u00e4t sowie<br \/>\nzu weiteren administrativen Zwecken.<\/p>\n<p>Die Rechtsgrundlage f\u00fcr die Datenverarbeitung ist Art. 6 Abs. 1 S. 1 lit. f DSGVO. Unser berechtigtes Interesse folgt aus oben aufgelisteten Zwecken zur Datenerhebung. In keinem Fall verwenden wir die erhobenen Daten zu dem Zweck, R\u00fcckschl\u00fcsse auf Ihre Person zu ziehen. Dar\u00fcber hinaus setzen wir beim Besuch unserer Website Cookies sowie Analysedienste ein. N\u00e4here Erl\u00e4uterungen dazu erhalten Sie unter Ziff. 4 dieser Datenschutzerkl\u00e4rung.<\/p>\n<p>b) Bei Nutzung unseres Kontaktformulars<br \/>\nBei Fragen jeglicher Art bieten wir Ihnen die M\u00f6glichkeit, mit uns \u00fcber ein auf der Website bereitgestelltes Formular Kontakt aufzunehmen. Dabei ist die Angabe einer g\u00fcltigen E-Mail Adresse erforderlich, damit wir wissen, von wem die Anfrage stammt und um diese beantworten zu k\u00f6nnen. Weitere Angaben k\u00f6nnen freiwillig get\u00e4tigt werden. Die Datenverarbeitung zum Zwecke der Kontaktaufnahme mit uns erfolgt nach Art. 6 Abs. 1 S. 1 lit. a DSGVO auf Grundlage Ihrer freiwillig erteilten Einwilligung.<\/p>\n<p>Die f\u00fcr die Benutzung des Kontaktformulars von uns erhobenen personenbezogenen Daten werden nach Erledigung der von Ihnen gestellten Anfrage automatisch gel\u00f6scht.<\/p>\n\n\t\t\t<\/div>\n\t\t<\/li>\n\t<\/ul>[\/vc_column][\/vc_row]<\/p>\n","protected":false},"excerpt":{"rendered":"<p>[vc_row full_width=&#8221;stretch_row&#8221; css=&#8221;.vc_custom_1506065992904{padding-top: 50px !important;padding-bottom: 50px !important;}&#8221;][vc_column][vc_column_text] Terms and conditions [\/vc_column_text][\/vc_column][\/vc_row][vc_section el_class=&#8221;bg&#8211;secondary&#8221;][vc_row][vc_column][vc_column_text] Information in accordance with Section 5 of the German Telemedia&#8230;<\/p>\n","protected":false},"author":1,"featured_media":0,"parent":0,"menu_order":17,"comment_status":"closed","ping_status":"closed","template":"","meta":{"footnotes":""},"class_list":["post-4299","page","type-page","status-publish","hentry"],"_links":{"self":[{"href":"https:\/\/www.insotreu.de\/en\/wp-json\/wp\/v2\/pages\/4299","targetHints":{"allow":["GET"]}}],"collection":[{"href":"https:\/\/www.insotreu.de\/en\/wp-json\/wp\/v2\/pages"}],"about":[{"href":"https:\/\/www.insotreu.de\/en\/wp-json\/wp\/v2\/types\/page"}],"author":[{"embeddable":true,"href":"https:\/\/www.insotreu.de\/en\/wp-json\/wp\/v2\/users\/1"}],"replies":[{"embeddable":true,"href":"https:\/\/www.insotreu.de\/en\/wp-json\/wp\/v2\/comments?post=4299"}],"version-history":[{"count":0,"href":"https:\/\/www.insotreu.de\/en\/wp-json\/wp\/v2\/pages\/4299\/revisions"}],"wp:attachment":[{"href":"https:\/\/www.insotreu.de\/en\/wp-json\/wp\/v2\/media?parent=4299"}],"curies":[{"name":"wp","href":"https:\/\/api.w.org\/{rel}","templated":true}]}}